{"id":156,"date":"2025-03-27T23:18:24","date_gmt":"2025-03-27T21:18:24","guid":{"rendered":"https:\/\/www.vaherlehto.fi\/?page_id=156"},"modified":"2025-04-06T09:40:05","modified_gmt":"2025-04-06T07:40:05","slug":"aluevaalit","status":"publish","type":"page","link":"https:\/\/www.vaherlehto.fi\/?page_id=156","title":{"rendered":"Aluevaalit, Keski-Uusimaa"},"content":{"rendered":"\t\t<div data-elementor-type=\"wp-page\" data-elementor-id=\"156\" class=\"elementor elementor-156\">\n\t\t\t\t<div class=\"elementor-element elementor-element-82a40b8 e-flex e-con-boxed e-con e-parent\" data-id=\"82a40b8\" data-element_type=\"container\" data-e-type=\"container\">\n\t\t\t\t\t<div class=\"e-con-inner\">\n\t\t\t\t<div class=\"elementor-element elementor-element-e9e9a03 elementor-widget elementor-widget-spacer\" data-id=\"e9e9a03\" data-element_type=\"widget\" data-e-type=\"widget\" data-widget_type=\"spacer.default\">\n\t\t\t\t<div class=\"elementor-widget-container\">\n\t\t\t\t\t\t\t<div class=\"elementor-spacer\">\n\t\t\t<div class=\"elementor-spacer-inner\"><\/div>\n\t\t<\/div>\n\t\t\t\t\t\t<\/div>\n\t\t\t\t<\/div>\n\t\t\t\t<div class=\"elementor-element elementor-element-6ce6a11 elementor-widget elementor-widget-heading\" data-id=\"6ce6a11\" data-element_type=\"widget\" data-e-type=\"widget\" data-widget_type=\"heading.default\">\n\t\t\t\t<div class=\"elementor-widget-container\">\n\t\t\t\t\t<h2 class=\"elementor-heading-title elementor-size-default\">Kehittyv\u00e4 Keski-Uusimaa<\/h2>\t\t\t\t<\/div>\n\t\t\t\t<\/div>\n\t\t\t\t\t<\/div>\n\t\t\t\t<\/div>\n\t\t<div class=\"elementor-element elementor-element-48e527e e-flex e-con-boxed e-con e-parent\" data-id=\"48e527e\" data-element_type=\"container\" data-e-type=\"container\">\n\t\t\t\t\t<div class=\"e-con-inner\">\n\t\t\t\t<div class=\"elementor-element elementor-element-17a5738 elementor-widget elementor-widget-spacer\" data-id=\"17a5738\" data-element_type=\"widget\" data-e-type=\"widget\" data-widget_type=\"spacer.default\">\n\t\t\t\t<div class=\"elementor-widget-container\">\n\t\t\t\t\t\t\t<div class=\"elementor-spacer\">\n\t\t\t<div class=\"elementor-spacer-inner\"><\/div>\n\t\t<\/div>\n\t\t\t\t\t\t<\/div>\n\t\t\t\t<\/div>\n\t\t\t\t<div class=\"elementor-element elementor-element-77c1bbf elementor-widget elementor-widget-heading\" data-id=\"77c1bbf\" data-element_type=\"widget\" data-e-type=\"widget\" data-widget_type=\"heading.default\">\n\t\t\t\t<div class=\"elementor-widget-container\">\n\t\t\t\t\t<h2 class=\"elementor-heading-title elementor-size-default\">Aluevaalit; Miten varmistamme jokaisen terveyden ja turvallisuuden?<\/h2>\t\t\t\t<\/div>\n\t\t\t\t<\/div>\n\t\t\t\t<div class=\"elementor-element elementor-element-b73193f elementor-widget elementor-widget-spacer\" data-id=\"b73193f\" data-element_type=\"widget\" data-e-type=\"widget\" data-widget_type=\"spacer.default\">\n\t\t\t\t<div class=\"elementor-widget-container\">\n\t\t\t\t\t\t\t<div class=\"elementor-spacer\">\n\t\t\t<div class=\"elementor-spacer-inner\"><\/div>\n\t\t<\/div>\n\t\t\t\t\t\t<\/div>\n\t\t\t\t<\/div>\n\t\t\t\t<div class=\"elementor-element elementor-element-9d7b53c elementor-widget elementor-widget-text-editor\" data-id=\"9d7b53c\" data-element_type=\"widget\" data-e-type=\"widget\" data-widget_type=\"text-editor.default\">\n\t\t\t\t<div class=\"elementor-widget-container\">\n\t\t\t\t\t\t\t\t\t<p>Hyvinvointialueella rahat ja osaava henkil\u00f6st\u00f6 ovat tiukassa, joten nyt tarvitaan rohkeaa ja m\u00e4\u00e4r\u00e4tietoista uudistamista.<br \/>Nopean tarkoituksenmukaiseen hoidon p\u00e4\u00e4syn varmistamisen lis\u00e4ksi on tulevalla kaudella ensiarvoisen t\u00e4rke\u00e4\u00e4 varmistaa laadukkaiden pelastustoimen- ja ensihoidon palveluiden kehitt\u00e4minen.<\/p>\t\t\t\t\t\t\t\t<\/div>\n\t\t\t\t<\/div>\n\t\t\t\t<div class=\"elementor-element elementor-element-68a124b elementor-widget elementor-widget-spacer\" data-id=\"68a124b\" data-element_type=\"widget\" data-e-type=\"widget\" data-widget_type=\"spacer.default\">\n\t\t\t\t<div class=\"elementor-widget-container\">\n\t\t\t\t\t\t\t<div class=\"elementor-spacer\">\n\t\t\t<div class=\"elementor-spacer-inner\"><\/div>\n\t\t<\/div>\n\t\t\t\t\t\t<\/div>\n\t\t\t\t<\/div>\n\t\t\t\t<div class=\"elementor-element elementor-element-7335c12 elementor-widget elementor-widget-text-editor\" data-id=\"7335c12\" data-element_type=\"widget\" data-e-type=\"widget\" data-widget_type=\"text-editor.default\">\n\t\t\t\t<div class=\"elementor-widget-container\">\n\t\t\t\t\t\t\t\t\t<p>T\u00e4rke\u00e4\u00e4 aluevaaleissa:<br \/>&#8211; Pelastustoimen aseman ja investointien turvaaminen<br \/>&#8211; Laadukas ja alueellisesti kattava ensihoito<br \/>&#8211; Ihmiset jonoista hoitoon<br \/>&#8211; Yksityisen sektorin osallistuminen soten palvelutuotantoon<br \/>&#8211; Ennaltaehk\u00e4isev\u00e4t palvelut<br \/>&#8211; Digitaalisten palveluiden kehitt\u00e4minen<br \/>&#8211; Laadukkaampi taloudenpito<br \/>&#8211; Ammattilaisten jaksamisen tukeminen<\/p>\t\t\t\t\t\t\t\t<\/div>\n\t\t\t\t<\/div>\n\t\t\t\t<div class=\"elementor-element elementor-element-25eded6 elementor-widget elementor-widget-spacer\" data-id=\"25eded6\" data-element_type=\"widget\" data-e-type=\"widget\" data-widget_type=\"spacer.default\">\n\t\t\t\t<div class=\"elementor-widget-container\">\n\t\t\t\t\t\t\t<div class=\"elementor-spacer\">\n\t\t\t<div class=\"elementor-spacer-inner\"><\/div>\n\t\t<\/div>\n\t\t\t\t\t\t<\/div>\n\t\t\t\t<\/div>\n\t\t\t\t\t<\/div>\n\t\t\t\t<\/div>\n\t\t<div class=\"elementor-element elementor-element-9c4f243 e-flex e-con-boxed e-con e-parent\" data-id=\"9c4f243\" data-element_type=\"container\" data-e-type=\"container\">\n\t\t\t\t\t<div class=\"e-con-inner\">\n\t\t<div class=\"elementor-element elementor-element-483e077 e-con-full e-flex e-con e-child\" data-id=\"483e077\" data-element_type=\"container\" data-e-type=\"container\">\n\t\t\t\t<div class=\"elementor-element elementor-element-018d2c2 elementor-widget elementor-widget-heading\" data-id=\"018d2c2\" data-element_type=\"widget\" data-e-type=\"widget\" data-widget_type=\"heading.default\">\n\t\t\t\t<div class=\"elementor-widget-container\">\n\t\t\t\t\t<h2 class=\"elementor-heading-title elementor-size-default\">Turvallisuus<\/h2>\t\t\t\t<\/div>\n\t\t\t\t<\/div>\n\t\t\t\t<\/div>\n\t\t<div class=\"elementor-element elementor-element-f103efa e-con-full e-flex e-con e-child\" data-id=\"f103efa\" data-element_type=\"container\" data-e-type=\"container\">\n\t\t\t\t<div class=\"elementor-element elementor-element-beb48e7 elementor-widget elementor-widget-heading\" data-id=\"beb48e7\" data-element_type=\"widget\" data-e-type=\"widget\" data-widget_type=\"heading.default\">\n\t\t\t\t<div class=\"elementor-widget-container\">\n\t\t\t\t\t<h2 class=\"elementor-heading-title elementor-size-default\">Pelastustoimi<\/h2>\t\t\t\t<\/div>\n\t\t\t\t<\/div>\n\t\t\t\t<\/div>\n\t\t<div class=\"elementor-element elementor-element-808973b e-con-full e-flex e-con e-child\" data-id=\"808973b\" data-element_type=\"container\" data-e-type=\"container\">\n\t\t\t\t<div class=\"elementor-element elementor-element-4dcf5a7 elementor-widget elementor-widget-text-editor\" data-id=\"4dcf5a7\" data-element_type=\"widget\" data-e-type=\"widget\" data-widget_type=\"text-editor.default\">\n\t\t\t\t<div class=\"elementor-widget-container\">\n\t\t\t\t\t\t\t\t\t<p><span class=\"OYPEnA font-feature-liga-off font-feature-clig-off font-feature-calt-off text-decoration-none text-strikethrough-none\">Hyvinvointialueiden lakis\u00e4\u00e4teiset teht\u00e4v\u00e4t muodostuvat turvallisuutta tuovista palveluista. Ihmiset on saatava jonoista hoitoihin ja pelastustoimen sek\u00e4 ensihoidon investoinnit ja resurssit on turvatta.<\/span><\/p>\t\t\t\t\t\t\t\t<\/div>\n\t\t\t\t<\/div>\n\t\t\t\t<div class=\"elementor-element elementor-element-662a832 elementor-widget elementor-widget-heading\" data-id=\"662a832\" data-element_type=\"widget\" data-e-type=\"widget\" data-widget_type=\"heading.default\">\n\t\t\t\t<div class=\"elementor-widget-container\">\n\t\t\t\t\t<h2 class=\"elementor-heading-title elementor-size-default\">Talous<\/h2>\t\t\t\t<\/div>\n\t\t\t\t<\/div>\n\t\t\t\t<div class=\"elementor-element elementor-element-643ce81 elementor-widget elementor-widget-text-editor\" data-id=\"643ce81\" data-element_type=\"widget\" data-e-type=\"widget\" data-widget_type=\"text-editor.default\">\n\t\t\t\t<div class=\"elementor-widget-container\">\n\t\t\t\t\t\t\t\t\t<p><span class=\"OYPEnA font-feature-liga-off font-feature-clig-off font-feature-calt-off text-decoration-none text-strikethrough-none\">Tarkempi ja laadukas taloudenpito on oltava keski\u00f6ss\u00e4 kaikessa toiminnassa. Hyv\u00e4ll\u00e4 taloudenpidolla varmistetaan huomisen palvelut. Velkaantuminen on saatava kuriin, jotta voimme tarjota hyvinvointivaltion palvelut my\u00f6s tuleville sukupolville.<\/span><\/p>\t\t\t\t\t\t\t\t<\/div>\n\t\t\t\t<\/div>\n\t\t\t\t<div class=\"elementor-element elementor-element-e95d73f elementor-widget elementor-widget-spacer\" data-id=\"e95d73f\" data-element_type=\"widget\" data-e-type=\"widget\" data-widget_type=\"spacer.default\">\n\t\t\t\t<div class=\"elementor-widget-container\">\n\t\t\t\t\t\t\t<div class=\"elementor-spacer\">\n\t\t\t<div class=\"elementor-spacer-inner\"><\/div>\n\t\t<\/div>\n\t\t\t\t\t\t<\/div>\n\t\t\t\t<\/div>\n\t\t\t\t<\/div>\n\t\t<div class=\"elementor-element elementor-element-d386194 e-con-full e-flex e-con e-child\" data-id=\"d386194\" data-element_type=\"container\" data-e-type=\"container\">\n\t\t\t\t<div class=\"elementor-element elementor-element-e4ca09b elementor-widget elementor-widget-text-editor\" data-id=\"e4ca09b\" data-element_type=\"widget\" data-e-type=\"widget\" data-widget_type=\"text-editor.default\">\n\t\t\t\t<div class=\"elementor-widget-container\">\n\t\t\t\t\t\t\t\t\t<p>Pelastustoimi on kustannustehokas ja henke\u00e4 pelastava l\u00e4hipalvelu jonka investoinnit ja toimintaedellytykset on turvatta tulevalla valtuustokaudella. My\u00f6s ensihoidon resurssit on turvattava kaikissa kunnissa.<\/p>\t\t\t\t\t\t\t\t<\/div>\n\t\t\t\t<\/div>\n\t\t\t\t<div class=\"elementor-element elementor-element-b2cf969 elementor-widget elementor-widget-heading\" data-id=\"b2cf969\" data-element_type=\"widget\" data-e-type=\"widget\" data-widget_type=\"heading.default\">\n\t\t\t\t<div class=\"elementor-widget-container\">\n\t\t\t\t\t<h2 class=\"elementor-heading-title elementor-size-default\">Omal\u00e4\u00e4k\u00e4ri- malli<\/h2>\t\t\t\t<\/div>\n\t\t\t\t<\/div>\n\t\t\t\t<div class=\"elementor-element elementor-element-03e8360 elementor-widget elementor-widget-text-editor\" data-id=\"03e8360\" data-element_type=\"widget\" data-e-type=\"widget\" data-widget_type=\"text-editor.default\">\n\t\t\t\t<div class=\"elementor-widget-container\">\n\t\t\t\t\t\t\t\t\t<p><span class=\"OYPEnA font-feature-liga-off font-feature-clig-off font-feature-calt-off text-decoration-none text-strikethrough-none\">On ensiarvoisen t\u00e4rke\u00e4\u00e4 ett\u00e4 ihminen saa yksil\u00f6llist\u00e4 ja laadukasta hoitoa. T\u00e4ss\u00e4 keskeinen uudistus on Omal\u00e4\u00e4k\u00e4ri- malli josta on jo saatu hyvi\u00e4 kokemuksia muilla alueilla.<\/span><\/p>\t\t\t\t\t\t\t\t<\/div>\n\t\t\t\t<\/div>\n\t\t\t\t<\/div>\n\t\t\t\t\t<\/div>\n\t\t\t\t<\/div>\n\t\t<div class=\"elementor-element elementor-element-7475eab e-flex e-con-boxed e-con e-parent\" data-id=\"7475eab\" data-element_type=\"container\" data-e-type=\"container\">\n\t\t\t\t\t<div class=\"e-con-inner\">\n\t\t<div class=\"elementor-element elementor-element-5f5a406 e-con-full e-flex e-con e-child\" data-id=\"5f5a406\" data-element_type=\"container\" data-e-type=\"container\">\n\t\t\t\t<div class=\"elementor-element elementor-element-4651103 elementor-widget elementor-widget-spacer\" data-id=\"4651103\" data-element_type=\"widget\" data-e-type=\"widget\" data-widget_type=\"spacer.default\">\n\t\t\t\t<div class=\"elementor-widget-container\">\n\t\t\t\t\t\t\t<div class=\"elementor-spacer\">\n\t\t\t<div class=\"elementor-spacer-inner\"><\/div>\n\t\t<\/div>\n\t\t\t\t\t\t<\/div>\n\t\t\t\t<\/div>\n\t\t\t\t<div class=\"elementor-element elementor-element-84bb85a elementor-widget elementor-widget-heading\" data-id=\"84bb85a\" data-element_type=\"widget\" data-e-type=\"widget\" data-widget_type=\"heading.default\">\n\t\t\t\t<div class=\"elementor-widget-container\">\n\t\t\t\t\t<h2 class=\"elementor-heading-title elementor-size-default\">Videolla ajatuksia pelastustoimen kehitt\u00e4misest\u00e4 aluevaltuustossa!<\/h2>\t\t\t\t<\/div>\n\t\t\t\t<\/div>\n\t\t\t\t<\/div>\n\t\t<div class=\"elementor-element elementor-element-2f54440 e-con-full e-flex e-con e-child\" data-id=\"2f54440\" data-element_type=\"container\" data-e-type=\"container\">\n\t\t\t\t<div class=\"elementor-element elementor-element-2a90a85 elementor-widget elementor-widget-video\" data-id=\"2a90a85\" data-element_type=\"widget\" data-e-type=\"widget\" data-settings=\"{&quot;video_type&quot;:&quot;hosted&quot;,&quot;controls&quot;:&quot;yes&quot;}\" data-widget_type=\"video.default\">\n\t\t\t\t<div class=\"elementor-widget-container\">\n\t\t\t\t\t\t\t<div class=\"e-hosted-video elementor-wrapper elementor-open-inline\">\n\t\t\t\t\t<video class=\"elementor-video\" src=\"https:\/\/www.vaherlehto.fi\/wp-content\/uploads\/2025\/04\/Pelastustoimi.mov\" controls=\"\" preload=\"metadata\" controlsList=\"nodownload\"><\/video>\n\t\t\t\t<\/div>\n\t\t\t\t\t\t<\/div>\n\t\t\t\t<\/div>\n\t\t\t\t<\/div>\n\t\t\t\t\t<\/div>\n\t\t\t\t<\/div>\n\t\t<div class=\"elementor-element elementor-element-a49e235 e-flex e-con-boxed e-con e-parent\" data-id=\"a49e235\" data-element_type=\"container\" data-e-type=\"container\">\n\t\t\t\t\t<div class=\"e-con-inner\">\n\t\t\t\t<div class=\"elementor-element elementor-element-42a309c elementor-widget elementor-widget-spacer\" data-id=\"42a309c\" data-element_type=\"widget\" data-e-type=\"widget\" data-widget_type=\"spacer.default\">\n\t\t\t\t<div class=\"elementor-widget-container\">\n\t\t\t\t\t\t\t<div class=\"elementor-spacer\">\n\t\t\t<div class=\"elementor-spacer-inner\"><\/div>\n\t\t<\/div>\n\t\t\t\t\t\t<\/div>\n\t\t\t\t<\/div>\n\t\t\t\t<div class=\"elementor-element elementor-element-b411bc2 elementor-align-center elementor-widget elementor-widget-button\" data-id=\"b411bc2\" data-element_type=\"widget\" data-e-type=\"widget\" data-widget_type=\"button.default\">\n\t\t\t\t<div class=\"elementor-widget-container\">\n\t\t\t\t\t\t\t\t\t<div class=\"elementor-button-wrapper\">\n\t\t\t\t\t<a class=\"elementor-button elementor-button-link elementor-size-sm\" href=\"https:\/\/www.vaherlehto.fi\/?page_id=159\">\n\t\t\t\t\t\t<span class=\"elementor-button-content-wrapper\">\n\t\t\t\t\t\t\t\t\t<span class=\"elementor-button-text\">Lue seuraavaksi ajatuksistani kuntavaaleihin!<\/span>\n\t\t\t\t\t<\/span>\n\t\t\t\t\t<\/a>\n\t\t\t\t<\/div>\n\t\t\t\t\t\t\t\t<\/div>\n\t\t\t\t<\/div>\n\t\t\t\t\t<\/div>\n\t\t\t\t<\/div>\n\t\t<div class=\"elementor-element elementor-element-389ae44 e-flex e-con-boxed e-con e-parent\" data-id=\"389ae44\" data-element_type=\"container\" data-e-type=\"container\">\n\t\t\t\t\t<div class=\"e-con-inner\">\n\t\t\t\t<div class=\"elementor-element elementor-element-a304822 elementor-widget elementor-widget-spacer\" data-id=\"a304822\" data-element_type=\"widget\" data-e-type=\"widget\" data-widget_type=\"spacer.default\">\n\t\t\t\t<div class=\"elementor-widget-container\">\n\t\t\t\t\t\t\t<div class=\"elementor-spacer\">\n\t\t\t<div class=\"elementor-spacer-inner\"><\/div>\n\t\t<\/div>\n\t\t\t\t\t\t<\/div>\n\t\t\t\t<\/div>\n\t\t\t\t\t<\/div>\n\t\t\t\t<\/div>\n\t\t<div class=\"elementor-element elementor-element-6d4d8e5 e-flex e-con-boxed e-con e-parent\" data-id=\"6d4d8e5\" data-element_type=\"container\" data-e-type=\"container\">\n\t\t\t\t\t<div class=\"e-con-inner\">\n\t\t\t\t<div class=\"elementor-element elementor-element-5104247 elementor-widget elementor-widget-image\" data-id=\"5104247\" data-element_type=\"widget\" data-e-type=\"widget\" data-widget_type=\"image.default\">\n\t\t\t\t<div class=\"elementor-widget-container\">\n\t\t\t\t\t\t\t\t\t\t\t\t\t\t\t<img fetchpriority=\"high\" decoding=\"async\" width=\"800\" height=\"296\" src=\"https:\/\/www.vaherlehto.fi\/wp-content\/uploads\/2025\/03\/Kuntien-yksi-keskeisimmista-tehtavista-on-varmistaa-elinymparistojen-turvallisuus.-Turvallisuustyo-ulottuu-kunnan-kaikkiin-toimintoihin-ja-se-on-keskeista-hyvan-tulevaisuuden-ja-viihtyvyyden-kan-3-1024x379.png\" class=\"attachment-large size-large wp-image-195\" alt=\"\" srcset=\"https:\/\/www.vaherlehto.fi\/wp-content\/uploads\/2025\/03\/Kuntien-yksi-keskeisimmista-tehtavista-on-varmistaa-elinymparistojen-turvallisuus.-Turvallisuustyo-ulottuu-kunnan-kaikkiin-toimintoihin-ja-se-on-keskeista-hyvan-tulevaisuuden-ja-viihtyvyyden-kan-3-1024x379.png 1024w, https:\/\/www.vaherlehto.fi\/wp-content\/uploads\/2025\/03\/Kuntien-yksi-keskeisimmista-tehtavista-on-varmistaa-elinymparistojen-turvallisuus.-Turvallisuustyo-ulottuu-kunnan-kaikkiin-toimintoihin-ja-se-on-keskeista-hyvan-tulevaisuuden-ja-viihtyvyyden-kan-3-300x111.png 300w, https:\/\/www.vaherlehto.fi\/wp-content\/uploads\/2025\/03\/Kuntien-yksi-keskeisimmista-tehtavista-on-varmistaa-elinymparistojen-turvallisuus.-Turvallisuustyo-ulottuu-kunnan-kaikkiin-toimintoihin-ja-se-on-keskeista-hyvan-tulevaisuuden-ja-viihtyvyyden-kan-3-768x284.png 768w, https:\/\/www.vaherlehto.fi\/wp-content\/uploads\/2025\/03\/Kuntien-yksi-keskeisimmista-tehtavista-on-varmistaa-elinymparistojen-turvallisuus.-Turvallisuustyo-ulottuu-kunnan-kaikkiin-toimintoihin-ja-se-on-keskeista-hyvan-tulevaisuuden-ja-viihtyvyyden-kan-3-1536x568.png 1536w, https:\/\/www.vaherlehto.fi\/wp-content\/uploads\/2025\/03\/Kuntien-yksi-keskeisimmista-tehtavista-on-varmistaa-elinymparistojen-turvallisuus.-Turvallisuustyo-ulottuu-kunnan-kaikkiin-toimintoihin-ja-se-on-keskeista-hyvan-tulevaisuuden-ja-viihtyvyyden-kan-3-2048x758.png 2048w\" sizes=\"(max-width: 800px) 100vw, 800px\" \/>\t\t\t\t\t\t\t\t\t\t\t\t\t\t\t<\/div>\n\t\t\t\t<\/div>\n\t\t\t\t\t<\/div>\n\t\t\t\t<\/div>\n\t\t<div class=\"elementor-element elementor-element-c3a9240 e-flex e-con-boxed e-con e-parent\" data-id=\"c3a9240\" data-element_type=\"container\" data-e-type=\"container\">\n\t\t\t\t\t<div class=\"e-con-inner\">\n\t\t\t\t<div class=\"elementor-element elementor-element-40a07dc elementor-widget elementor-widget-spacer\" data-id=\"40a07dc\" data-element_type=\"widget\" data-e-type=\"widget\" data-widget_type=\"spacer.default\">\n\t\t\t\t<div class=\"elementor-widget-container\">\n\t\t\t\t\t\t\t<div class=\"elementor-spacer\">\n\t\t\t<div class=\"elementor-spacer-inner\"><\/div>\n\t\t<\/div>\n\t\t\t\t\t\t<\/div>\n\t\t\t\t<\/div>\n\t\t\t\t\t<\/div>\n\t\t\t\t<\/div>\n\t\t\t\t<\/div>\n\t\t","protected":false},"excerpt":{"rendered":"<p>Kehittyv\u00e4 Keski-Uusimaa Aluevaalit; Miten varmistamme jokaisen terveyden ja turvallisuuden? Hyvinvointialueella rahat ja osaava henkil\u00f6st\u00f6 ovat tiukassa, joten nyt tarvitaan rohkeaa ja m\u00e4\u00e4r\u00e4tietoista uudistamista.Nopean tarkoituksenmukaiseen hoidon p\u00e4\u00e4syn varmistamisen lis\u00e4ksi on tulevalla &#8230;<\/p>\n","protected":false},"author":1,"featured_media":0,"parent":0,"menu_order":0,"comment_status":"closed","ping_status":"closed","template":"","meta":{"footnotes":""},"class_list":["post-156","page","type-page","status-publish","hentry"],"_links":{"self":[{"href":"https:\/\/www.vaherlehto.fi\/index.php?rest_route=\/wp\/v2\/pages\/156","targetHints":{"allow":["GET"]}}],"collection":[{"href":"https:\/\/www.vaherlehto.fi\/index.php?rest_route=\/wp\/v2\/pages"}],"about":[{"href":"https:\/\/www.vaherlehto.fi\/index.php?rest_route=\/wp\/v2\/types\/page"}],"author":[{"embeddable":true,"href":"https:\/\/www.vaherlehto.fi\/index.php?rest_route=\/wp\/v2\/users\/1"}],"replies":[{"embeddable":true,"href":"https:\/\/www.vaherlehto.fi\/index.php?rest_route=%2Fwp%2Fv2%2Fcomments&post=156"}],"version-history":[{"count":14,"href":"https:\/\/www.vaherlehto.fi\/index.php?rest_route=\/wp\/v2\/pages\/156\/revisions"}],"predecessor-version":[{"id":220,"href":"https:\/\/www.vaherlehto.fi\/index.php?rest_route=\/wp\/v2\/pages\/156\/revisions\/220"}],"wp:attachment":[{"href":"https:\/\/www.vaherlehto.fi\/index.php?rest_route=%2Fwp%2Fv2%2Fmedia&parent=156"}],"curies":[{"name":"wp","href":"https:\/\/api.w.org\/{rel}","templated":true}]}}